{"id":158,"date":"2025-04-30T11:38:19","date_gmt":"2025-04-30T11:38:19","guid":{"rendered":"https:\/\/procuradoraslaspalmas.com\/?page_id=158"},"modified":"2025-05-06T12:03:36","modified_gmt":"2025-05-06T10:03:36","slug":"cookie-richtlinie","status":"publish","type":"page","link":"https:\/\/procuradoraslaspalmas.com\/de\/politica-de-cookies\/","title":{"rendered":"Cookies-Politik"},"content":{"rendered":"<h2 class=\"wp-block-heading\">Was sind Cookies?<\/h2>\n\n\n\n<p>Cookies sind kleine Datendateien, die beim Besuch einer Website auf dem Ger\u00e4t des Nutzers gespeichert werden. Diese Dateien sammeln Informationen \u00fcber die Website-Aktivit\u00e4t, um das Surferlebnis zu verbessern. Cookies enthalten keine personenbezogenen Daten und sind notwendig, um Einstellungen wie Sprache, Zugriff auf sichere Bereiche oder Seitenanpassungen zu speichern.<\/p>\n\n\n\n<p>Sie werden auch verwendet, um anonyme Daten \u00fcber die Nutzung der Website zu sammeln, beispielsweise von welcher Seite Sie gekommen sind oder wie Sie mit bestimmten Elementen der Website interagieren.<\/p>\n\n\n\n<h2 class=\"wp-block-heading\">Warum verwendet diese Website Cookies?<\/h2>\n\n\n\n<p>Die Website von <strong>Colina Procuradores<\/strong> verwendet unbedingt erforderliche Cookies, um die Navigation, die Nutzung sicherer Bereiche und die Personalisierung bestimmter Funktionen zu erm\u00f6glichen. Dar\u00fcber hinaus verwenden wir analytische Cookies, die es uns erm\u00f6glichen, die Nutzung der Website zu verstehen und sie kontinuierlich zu verbessern.<\/p>\n\n\n\n<p>Diese Website kann Links zu sozialen Netzwerken oder anderen externen Plattformen enthalten, deren Cookies nicht unserer Kontrolle unterliegen. Wir empfehlen Ihnen, die Cookie-Richtlinien dieser Plattformen zu konsultieren, um zu erfahren, wie sie diese verwalten.<\/p>\n\n\n\n<h2 class=\"wp-block-heading\">Welchen Nutzen haben die verschiedenen Arten von Cookies?<\/h2>\n\n\n\n<h3 class=\"wp-block-heading\">Entsprechend seinem Zweck:<\/h3>\n\n\n\n<ul class=\"wp-block-list\">\n<li><strong>Technische Cookies:<\/strong> Diese Cookies sind f\u00fcr den ordnungsgem\u00e4\u00dfen Betrieb der Website unerl\u00e4sslich. Sie erm\u00f6glichen die Aufrechterhaltung einer aktiven Sitzung, die Verwaltung der Leistung und die Nutzung grundlegender Funktionen.<\/li>\n\n\n\n<li><strong>Personalisierungs-Cookies:<\/strong> Sie erm\u00f6glichen Ihnen, Optionen wie Sprach- oder Regionaleinstellungen festzulegen.<\/li>\n\n\n\n<li><strong>Analytische Cookies:<\/strong> Sie sammeln Daten \u00fcber das Benutzerverhalten auf der Website mit dem Ziel, das Surferlebnis zu verbessern.<\/li>\n\n\n\n<li><strong>Werbe-Cookies:<\/strong> Sie erm\u00f6glichen die Anzeige personalisierter Anzeigen basierend auf dem Browserprofil des Benutzers.<\/li>\n<\/ul>\n\n\n\n<h3 class=\"wp-block-heading\">Nach seiner Dauer:<\/h3>\n\n\n\n<ul class=\"wp-block-list\">\n<li><strong>Sitzungscookies:<\/strong> Sie werden automatisch gel\u00f6scht, wenn Sie Ihren Browser schlie\u00dfen.<\/li>\n\n\n\n<li><strong>Dauerhafte Cookies:<\/strong> Sie verbleiben f\u00fcr einen festgelegten Zeitraum auf dem Ger\u00e4t, um Einstellungen zu speichern.<\/li>\n<\/ul>\n\n\n\n<h2 class=\"wp-block-heading\">Was passiert, wenn ich keine Cookies akzeptieren m\u00f6chte?<\/h2>\n\n\n\n<p>Wir bitten um Ihre Zustimmung zur Verwendung von Cookies. Sollten Sie nicht einverstanden sein, werden nur die f\u00fcr den Betrieb der Website notwendigen technischen Cookies aktiviert.<\/p>\n\n\n\n<p>In den meisten Browsern k\u00f6nnen Sie Cookies \u00fcber die Einstellungen verwalten. Wenn Sie Cookies deaktivieren, stehen Ihnen m\u00f6glicherweise bestimmte Funktionen der Website nicht zur Verf\u00fcgung oder Ihr Nutzererlebnis kann beeintr\u00e4chtigt sein.<\/p>\n\n\n\n<h2 class=\"wp-block-heading\">Wie kann ich Cookies im Browser konfigurieren oder l\u00f6schen?<\/h2>\n\n\n\n<p>Sie k\u00f6nnen Ihre Einstellungen in Ihren Browsereinstellungen \u00e4ndern. Nachfolgend finden Sie einige n\u00fctzliche Links:<\/p>\n\n\n\n<ul class=\"wp-block-list\">\n<li><a href=\"https:\/\/support.microsoft.com\/es-es\/help\/17442\" target=\"_blank\" rel=\"noreferrer noopener\">Einstellungen im Internet Explorer<\/a><\/li>\n\n\n\n<li><a href=\"https:\/\/support.mozilla.org\/es\/kb\/habilitar-y-deshabilitar-cookies-sitios-web\" target=\"_blank\" rel=\"noreferrer noopener\">Einstellungen in Firefox<\/a><\/li>\n\n\n\n<li><a href=\"https:\/\/support.google.com\/chrome\/answer\/95647\" target=\"_blank\" rel=\"noreferrer noopener\">Einstellungen in Google Chrome<\/a><\/li>\n\n\n\n<li><a href=\"https:\/\/support.apple.com\/es-es\/guide\/safari\/sfri11471\/mac\" target=\"_blank\" rel=\"noreferrer noopener\">Einstellungen in Safari<\/a><\/li>\n<\/ul>\n\n\n\n<h2 class=\"wp-block-heading\">Werden Cookies von Drittanbietern verwendet?<\/h2>\n\n\n\n<p>Einige Cookies auf dieser Website k\u00f6nnen von Diensten Dritter wie Google Analytics verwaltet werden. Diese werden ausschlie\u00dflich zu analytischen oder technischen Zwecken und niemals zu kommerziellen Zwecken verwendet.<\/p>\n\n\n\n<h2 class=\"wp-block-heading\">Unser Engagement f\u00fcr Transparenz<\/h2>\n\n\n\n<p>Diese Richtlinie wird regelm\u00e4\u00dfig \u00fcberpr\u00fcft, um ihre G\u00fcltigkeit sicherzustellen. Wir empfehlen Ihnen, sie regelm\u00e4\u00dfig zu pr\u00fcfen, um \u00fcber Aktualisierungen informiert zu bleiben.<\/p>\n\n\n\n<h2 class=\"wp-block-heading\">Wo kann ich weitere Informationen erhalten?<\/h2>\n\n\n\n<p>Weitere Einzelheiten finden Sie unter:<\/p>\n\n\n\n<ul class=\"wp-block-list\">\n<li><a href=\"https:\/\/www.boe.es\/boe\/dias\/2012\/03\/31\/pdfs\/BOE-A-2012-4442.pdf\" target=\"_blank\" rel=\"noreferrer noopener\">Amtsblatt des Staates (31.03.2012)<\/a><\/li>\n\n\n\n<li><a href=\"https:\/\/www.aepd.es\/\" target=\"_blank\" rel=\"noreferrer noopener\">Spanische Datenschutzbeh\u00f6rde<\/a><\/li>\n\n\n\n<li><a href=\"https:\/\/www.aepd.es\/area-de-prensa\/videos\" target=\"_blank\" rel=\"noreferrer noopener\">Erkl\u00e4rvideos der AEPD<\/a><\/li>\n<\/ul>","protected":false},"excerpt":{"rendered":"<p>\u00bfQu\u00e9 son las cookies? Las cookies son peque\u00f1os archivos de datos que se almacenan en el dispositivo del usuario al navegar por una p\u00e1gina web. Estos archivos recogen informaci\u00f3n sobre la actividad en el sitio con el fin de mejorar la experiencia de navegaci\u00f3n. Las cookies no contienen informaci\u00f3n personal identificable y son necesarias para [&hellip;]<\/p>\n","protected":false},"author":1,"featured_media":0,"parent":0,"menu_order":0,"comment_status":"closed","ping_status":"closed","template":"","meta":{"footnotes":""},"class_list":["post-158","page","type-page","status-publish","hentry"],"_links":{"self":[{"href":"https:\/\/procuradoraslaspalmas.com\/de\/wp-json\/wp\/v2\/pages\/158","targetHints":{"allow":["GET"]}}],"collection":[{"href":"https:\/\/procuradoraslaspalmas.com\/de\/wp-json\/wp\/v2\/pages"}],"about":[{"href":"https:\/\/procuradoraslaspalmas.com\/de\/wp-json\/wp\/v2\/types\/page"}],"author":[{"embeddable":true,"href":"https:\/\/procuradoraslaspalmas.com\/de\/wp-json\/wp\/v2\/users\/1"}],"replies":[{"embeddable":true,"href":"https:\/\/procuradoraslaspalmas.com\/de\/wp-json\/wp\/v2\/comments?post=158"}],"version-history":[{"count":0,"href":"https:\/\/procuradoraslaspalmas.com\/de\/wp-json\/wp\/v2\/pages\/158\/revisions"}],"wp:attachment":[{"href":"https:\/\/procuradoraslaspalmas.com\/de\/wp-json\/wp\/v2\/media?parent=158"}],"curies":[{"name":"wp","href":"https:\/\/api.w.org\/{rel}","templated":true}]}}