{"id":160,"date":"2025-04-30T11:38:34","date_gmt":"2025-04-30T11:38:34","guid":{"rendered":"https:\/\/procuradoraslaspalmas.com\/?page_id=160"},"modified":"2025-05-06T11:24:45","modified_gmt":"2025-05-06T09:24:45","slug":"impressum","status":"publish","type":"page","link":"https:\/\/procuradoraslaspalmas.com\/de\/aviso-legal\/","title":{"rendered":"Rechtlicher Hinweis"},"content":{"rendered":"<h2 class=\"wp-block-heading\">Identit\u00e4t des Websiteinhabers<\/h2>\n\n\n\n<ul class=\"wp-block-list\">\n<li><strong>Handelsname<\/strong>: Procurators Hill<\/li>\n\n\n\n<li><strong>Name der Firma<\/strong>: Elisa Colina Naranjo (nachfolgend \u201eEIGENT\u00dcMER DER WEBSITE\u201c)<\/li>\n\n\n\n<li><strong>NIF<\/strong>: 42862496H<\/li>\n\n\n\n<li><strong>Adresse<\/strong>: PLAZA SANTA ISABEL 1, ETAGE 2 E, 35001, Las Palmas de Gran Canaria, Spanien<\/li>\n\n\n\n<li><strong>Telefon<\/strong>: +34 659 934 749<\/li>\n\n\n\n<li><strong>E-Mail<\/strong>: <a>elisa@colinaprocuradores.es<\/a><\/li>\n<\/ul>\n\n\n\n<hr class=\"wp-block-separator has-alpha-channel-opacity\"\/>\n\n\n\n<h2 class=\"wp-block-heading\">Rechtliche Hinweise<\/h2>\n\n\n\n<p>Durch die Nutzung dieser Website werden Sie zum Nutzer der Website und akzeptieren damit die vorliegenden Allgemeinen Gesch\u00e4ftsbedingungen in der zum Zeitpunkt des Zugriffs ver\u00f6ffentlichten Fassung. Daher empfiehlt Ihnen der Eigent\u00fcmer der Website, diese bei jedem Zugriff auf die Website sorgf\u00e4ltig zu lesen.<\/p>\n\n\n\n<p>Der Zugriff auf bestimmte Inhalte dieser Website kann besonderen Bedingungen unterliegen, die diese Allgemeinen Gesch\u00e4ftsbedingungen gegebenenfalls ersetzen, erg\u00e4nzen und\/oder \u00e4ndern. Daher sollte der Nutzer vor dem Zugriff auf und\/oder der Nutzung dieser Inhalte auch die entsprechenden besonderen Bedingungen sorgf\u00e4ltig lesen.<\/p>\n\n\n\n<p>Der Eigent\u00fcmer dieser Website kann das Design, die Pr\u00e4sentation und\/oder die Konfiguration der Website sowie einige oder alle ihrer Inhalte jederzeit und ohne vorherige Ank\u00fcndigung \u00e4ndern und die f\u00fcr ihre Nutzung erforderlichen allgemeinen und\/oder besonderen Bedingungen \u00e4ndern.<\/p>\n\n\n\n<hr class=\"wp-block-separator has-alpha-channel-opacity\"\/>\n\n\n\n<h2 class=\"wp-block-heading\">Verantwortung und Garantie des Eigent\u00fcmers der Website<\/h2>\n\n\n\n<h3 class=\"wp-block-heading\">Zugang<\/h3>\n\n\n\n<p>Der Zugriff auf die Website ist grunds\u00e4tzlich kostenlos. Der Inhaber der Website beh\u00e4lt sich jedoch das Recht vor, den Zugriff auf bestimmte Bereiche gem\u00e4\u00df den geltenden Gesetzen einzuschr\u00e4nken. In solchen F\u00e4llen ist eine Registrierung unter Angabe aktueller und richtiger Daten erforderlich.<\/p>\n\n\n\n<p>Passw\u00f6rter sind pers\u00f6nlich und nicht \u00fcbertragbar. Der Benutzer verpflichtet sich, deren Vertraulichkeit zu wahren und \u00fcbernimmt die Verantwortung f\u00fcr jegliche unbefugte Nutzung.<\/p>\n\n\n\n<h3 class=\"wp-block-heading\">Inhalt<\/h3>\n\n\n\n<p>Der Eigent\u00fcmer der Website kann den Zugriff auf seine Website und\/oder deren Inhalte jederzeit und ohne vorherige Ank\u00fcndigung aus technischen, sicherheitsrelevanten, Wartungs- oder anderen Gr\u00fcnden unterbrechen. Diese Unterbrechung kann vor\u00fcbergehend oder dauerhaft sein.<\/p>\n\n\n\n<p>Daher kann die Verf\u00fcgbarkeit oder Kontinuit\u00e4t der Website oder ihrer Inhalte nicht garantiert werden. Die Nutzung der auf dieser Website enthaltenen Informationen und Links liegt in der alleinigen Verantwortung des Benutzers.<\/p>\n\n\n\n<p>DER EIGENT\u00dcMER DER WEBSITE haftet nicht f\u00fcr Sch\u00e4den, Verluste oder Sch\u00e4den, die durch Viren, Dienstunterbrechungen, Systemausf\u00e4lle oder illegale Inhalte entstehen, die von Dritten \u00fcber die Site gesendet werden.<\/p>\n\n\n\n<hr class=\"wp-block-separator has-alpha-channel-opacity\"\/>\n\n\n\n<h2 class=\"wp-block-heading\">Gewerbliches und geistiges Eigentum<\/h2>\n\n\n\n<p>Diese Website und ihr gesamter Inhalt sind Eigentum des Eigent\u00fcmers der Website. Alle Rechte der Vervielf\u00e4ltigung, Verbreitung und \u00f6ffentlichen Wiedergabe sind vorbehalten, sofern nicht ausdr\u00fccklich anders genehmigt.<\/p>\n\n\n\n<p>Design, Struktur, Logos, Marken und andere Kennzeichen dieser Website sind durch die entsprechenden Rechte an geistigem und gewerblichem Eigentum gesch\u00fctzt. Die unbefugte Verwendung ist untersagt.<\/p>\n\n\n\n<p>Der Nutzer darf die Inhalte ausschlie\u00dflich f\u00fcr den pers\u00f6nlichen und privaten Gebrauch ansehen, ausdrucken oder herunterladen. Jede Vervielf\u00e4ltigung oder Verbreitung zu kommerziellen Zwecken ist ohne schriftliche Genehmigung untersagt.<\/p>\n\n\n\n<hr class=\"wp-block-separator has-alpha-channel-opacity\"\/>\n\n\n\n<h2 class=\"wp-block-heading\">Geltende Gesetzgebung<\/h2>\n\n\n\n<p>Diese Allgemeinen Gesch\u00e4ftsbedingungen unterliegen spanischem Recht. Im Streitfall unterwerfen sich die Parteien den Gerichten von Las Palmas de Gran Canaria, sofern gesetzlich nichts anderes bestimmt ist.<\/p>\n\n\n\n<hr class=\"wp-block-separator has-alpha-channel-opacity\"\/>\n\n\n\n<h2 class=\"wp-block-heading\">Datenschutzbestimmungen<\/h2>\n\n\n\n<p>In \u00dcbereinstimmung mit den geltenden Datenschutzbestimmungen informieren wir Sie dar\u00fcber, dass die beim Surfen oder \u00fcber Kontaktformulare bereitgestellten personenbezogenen Daten vom Eigent\u00fcmer der Website zum Zwecke der Bearbeitung von Anfragen oder Anforderungen verarbeitet werden.<\/p>\n\n\n\n<p>Kommerzielle Informationen \u00fcber Dienstleistungen, Neuigkeiten und interessante Inhalte werden auf elektronischem Wege nur mit der ausdr\u00fccklichen Zustimmung des Benutzers versendet.<\/p>\n\n\n\n<p>DER EIGENT\u00dcMER DER WEBSITE verpflichtet sich, die Vertraulichkeit der Daten zu sch\u00fctzen und die notwendigen technischen und organisatorischen Ma\u00dfnahmen zu ergreifen, um deren Ver\u00e4nderung, Verlust, Verarbeitung oder unbefugten Zugriff zu verhindern.<\/p>\n\n\n\n<p>Der Nutzer kann seine Rechte auf Auskunft, Berichtigung, L\u00f6schung und Widerspruch jederzeit aus\u00fcben, indem er eine entsprechende Anfrage an die oben angegebene Kontaktadresse sendet.<br><\/p>\n\n\n\n<p><\/p>","protected":false},"excerpt":{"rendered":"<p>Identidad del titular del sitio web T\u00e9rminos legales y condiciones La utilizaci\u00f3n de este sitio web atribuye al navegante la condici\u00f3n de usuario del sitio, lo que implica la adhesi\u00f3n a las presentes condiciones en la versi\u00f3n publicada en el momento en que se permita la entrada. Por ello, EL TITULAR DE LA WEB recomienda [&hellip;]<\/p>\n","protected":false},"author":1,"featured_media":0,"parent":0,"menu_order":0,"comment_status":"closed","ping_status":"closed","template":"","meta":{"footnotes":""},"class_list":["post-160","page","type-page","status-publish","hentry"],"_links":{"self":[{"href":"https:\/\/procuradoraslaspalmas.com\/de\/wp-json\/wp\/v2\/pages\/160","targetHints":{"allow":["GET"]}}],"collection":[{"href":"https:\/\/procuradoraslaspalmas.com\/de\/wp-json\/wp\/v2\/pages"}],"about":[{"href":"https:\/\/procuradoraslaspalmas.com\/de\/wp-json\/wp\/v2\/types\/page"}],"author":[{"embeddable":true,"href":"https:\/\/procuradoraslaspalmas.com\/de\/wp-json\/wp\/v2\/users\/1"}],"replies":[{"embeddable":true,"href":"https:\/\/procuradoraslaspalmas.com\/de\/wp-json\/wp\/v2\/comments?post=160"}],"version-history":[{"count":0,"href":"https:\/\/procuradoraslaspalmas.com\/de\/wp-json\/wp\/v2\/pages\/160\/revisions"}],"wp:attachment":[{"href":"https:\/\/procuradoraslaspalmas.com\/de\/wp-json\/wp\/v2\/media?parent=160"}],"curies":[{"name":"wp","href":"https:\/\/api.w.org\/{rel}","templated":true}]}}