{"id":162,"date":"2025-04-30T11:38:51","date_gmt":"2025-04-30T11:38:51","guid":{"rendered":"https:\/\/procuradoraslaspalmas.com\/?page_id=162"},"modified":"2025-05-06T12:23:55","modified_gmt":"2025-05-06T10:23:55","slug":"erklarung-zur-barrierefreiheit","status":"publish","type":"page","link":"https:\/\/procuradoraslaspalmas.com\/de\/declaracion-de-accesibilidad\/","title":{"rendered":"Erkl\u00e4rung zur Zug\u00e4nglichkeit"},"content":{"rendered":"<h2 class=\"wp-block-heading\">Engagement f\u00fcr Barrierefreiheit<\/h2>\n\n\n\n<p>Colina Procuradores ist bestrebt, seine Website zug\u00e4nglich zu machen, <strong>procuradoraslaspalmas.com<\/strong>, gem\u00e4\u00df dem K\u00f6niglichen Dekret 1112\/2018 vom 7. September \u00fcber die Zug\u00e4nglichkeit von Websites und Anwendungen f\u00fcr mobile Ger\u00e4te im \u00f6ffentlichen Sektor.<\/p>\n\n\n\n<p>Ziel ist es, sicherzustellen, dass sich jeder, unabh\u00e4ngig von seinen F\u00e4higkeiten, problemlos auf der Site zurechtfindet und ohne Barrieren auf die Inhalte zugreifen kann.<\/p>\n\n\n\n<h2 class=\"wp-block-heading\">Konformit\u00e4tsstatus<\/h2>\n\n\n\n<p>Diese Website ist <strong>teilweise konform<\/strong> mit dem K\u00f6niglichen Dekret 1112\/2018 aufgrund der Ausnahmen und der Nichteinhaltung der unten angegebenen Aspekte.<\/p>\n\n\n\n<h2 class=\"wp-block-heading\">Inhalt nicht zug\u00e4nglich<\/h2>\n\n\n\n<h3 class=\"wp-block-heading\">Nichteinhaltung der K\u00f6niglichen Verordnung 1112\/2018<\/h3>\n\n\n\n<ul class=\"wp-block-list\">\n<li>Bei manchen Texten ist der Kontrast zum Hintergrund m\u00f6glicherweise nicht ausreichend.<\/li>\n\n\n\n<li>Es kann Bilder ohne Alternativtext oder mit Alternativtext geben, der nicht aussagekr\u00e4ftig genug ist.<\/li>\n\n\n\n<li>Bestimmte Navigationselemente sind m\u00f6glicherweise nicht vollst\u00e4ndig \u00fcber die Tastatur zug\u00e4nglich.<\/li>\n\n\n\n<li>Einige herunterladbare Dokumente erf\u00fcllen m\u00f6glicherweise nicht alle Anforderungen an die Barrierefreiheit.<\/li>\n<\/ul>\n\n\n\n<h3 class=\"wp-block-heading\">Unverh\u00e4ltnism\u00e4\u00dfige Belastung<\/h3>\n\n\n\n<p>Nicht zutreffend.<\/p>\n\n\n\n<h3 class=\"wp-block-heading\">Inhalte, die nicht in den Geltungsbereich des K\u00f6niglichen Erlasses 1112\/2018 fallen<\/h3>\n\n\n\n<p>Nicht zutreffend.<\/p>\n\n\n\n<h2 class=\"wp-block-heading\">Erstellung dieser Erkl\u00e4rung zur Barrierefreiheit<\/h2>\n\n\n\n<p>Diese Erkl\u00e4rung wurde erstellt am <strong>6. Mai 2025<\/strong>.<\/p>\n\n\n\n<p>Als Methode zur Erstellung der Stellungnahme diente eine Selbsteinsch\u00e4tzung des f\u00fcr die Webentwicklung zust\u00e4ndigen Teams.<\/p>\n\n\n\n<h2 class=\"wp-block-heading\">Kommentare und Kontaktinformationen<\/h2>\n\n\n\n<p>Sie k\u00f6nnen etwaige Verst\u00f6\u00dfe gegen die Barrierefreiheitsanforderungen (wie etwa Schwierigkeiten beim Zugriff auf bestimmte Inhalte, nicht funktionierende Formulare usw.) auf folgende Weise melden:<\/p>\n\n\n\n<ul class=\"wp-block-list\">\n<li><strong>E-Mail:<\/strong> <a href=\"mailto:elisa@colinaprocuradores.es\">elisa@colinaprocuradores.es<\/a><\/li>\n\n\n\n<li><strong>Telefon:<\/strong> <a href=\"tel:+34659934749\">+34 659 934 749<\/a><\/li>\n\n\n\n<li><strong>Postanschrift:<\/strong> PLAZA SANTA ISABEL 1, ETAGE 2 E, 35001 Las Palmas de Gran Canaria, Spanien<\/li>\n<\/ul>\n\n\n\n<h2 class=\"wp-block-heading\">Bewerbungsverfahren<\/h2>\n\n\n\n<p>Wenn nach einer Anfrage nach zug\u00e4nglichen Informationen oder einer Beschwerde diese nicht angemessen gel\u00f6st wurde, k\u00f6nnen Sie einen Anspruch geltend machen, indem Sie sich schriftlich an die <strong>Referat f\u00fcr Barrierefreiheit des Ministeriums f\u00fcr Wirtschaft und Digitalisierung<\/strong>oder \u00fcber die <a href=\"https:\/\/sede.red.gob.es\/\" target=\"_blank\" rel=\"noreferrer noopener\">Elektronischer Hauptsitz von Red.es<\/a>.<\/p>","protected":false},"excerpt":{"rendered":"<p>Compromiso con la accesibilidad Colina Procuradores se compromete a hacer accesible su sitio web, procuradoraslaspalmas.com, de conformidad con el Real Decreto 1112\/2018, de 7 de septiembre, sobre accesibilidad de los sitios web y aplicaciones para dispositivos m\u00f3viles del sector p\u00fablico. El objetivo es garantizar que todas las personas, independientemente de sus capacidades, puedan navegar por [&hellip;]<\/p>\n","protected":false},"author":1,"featured_media":0,"parent":0,"menu_order":0,"comment_status":"closed","ping_status":"closed","template":"","meta":{"footnotes":""},"class_list":["post-162","page","type-page","status-publish","hentry"],"_links":{"self":[{"href":"https:\/\/procuradoraslaspalmas.com\/de\/wp-json\/wp\/v2\/pages\/162","targetHints":{"allow":["GET"]}}],"collection":[{"href":"https:\/\/procuradoraslaspalmas.com\/de\/wp-json\/wp\/v2\/pages"}],"about":[{"href":"https:\/\/procuradoraslaspalmas.com\/de\/wp-json\/wp\/v2\/types\/page"}],"author":[{"embeddable":true,"href":"https:\/\/procuradoraslaspalmas.com\/de\/wp-json\/wp\/v2\/users\/1"}],"replies":[{"embeddable":true,"href":"https:\/\/procuradoraslaspalmas.com\/de\/wp-json\/wp\/v2\/comments?post=162"}],"version-history":[{"count":0,"href":"https:\/\/procuradoraslaspalmas.com\/de\/wp-json\/wp\/v2\/pages\/162\/revisions"}],"wp:attachment":[{"href":"https:\/\/procuradoraslaspalmas.com\/de\/wp-json\/wp\/v2\/media?parent=162"}],"curies":[{"name":"wp","href":"https:\/\/api.w.org\/{rel}","templated":true}]}}