{"id":3,"date":"2025-02-28T12:45:22","date_gmt":"2025-02-28T12:45:22","guid":{"rendered":"http:\/\/procuradoraslaspalmas.com\/?page_id=3"},"modified":"2025-05-06T12:34:54","modified_gmt":"2025-05-06T10:34:54","slug":"datenschutzrichtlinie","status":"publish","type":"page","link":"https:\/\/procuradoraslaspalmas.com\/de\/politica-de-privacidad\/","title":{"rendered":"Datenschutzbestimmungen"},"content":{"rendered":"<h2 class=\"wp-block-heading\">allgemeine Informationen<\/h2>\n\n\n\n<p>Diese Datenschutzrichtlinie stellt zusammen mit dem rechtlichen Hinweis und der Cookie-Richtlinie den rechtlichen Rahmen dar, der die Nutzung der Website regelt. <strong>www.procuradoraslaspalmas.com<\/strong>Konkret regelt es die Behandlung, die <strong>Colina Procuradores<\/strong> stellt beim Zugriff auf und der Nutzung dieser Website personenbezogene Daten des Benutzers (nachfolgend \u201eBenutzer\u201c) bereit.<\/p>\n\n\n\n<p>Diese Website ist Eigentum von <strong>Elisa Colina Naranjo<\/strong>, mit NIF <strong>42862496H<\/strong>und Adresse unter <strong>Plaza Santa Isabel 1, 2. Etage E, 35001, Las Palmas de Gran Canaria, Spanien<\/strong>.<\/p>\n\n\n\n<p>Diese Richtlinie kann aufgrund von Gesetzes\u00e4nderungen, Kriterien der spanischen Datenschutzbeh\u00f6rde oder Aktualisierungen der Website selbst ge\u00e4ndert werden. Wir empfehlen, dieses Dokument regelm\u00e4\u00dfig durchzusehen.<\/p>\n\n\n\n<h2 class=\"wp-block-heading\">Vertraulichkeit<\/h2>\n\n\n\n<p>Colina Procuradores verpflichtet sich, die Vertraulichkeit der verarbeiteten personenbezogenen Daten zu wahren und die notwendigen Ma\u00dfnahmen zu ergreifen, um deren Ver\u00e4nderung, Verlust, Verarbeitung oder unbefugten Zugriff gem\u00e4\u00df den geltenden Vorschriften zu verhindern.<\/p>\n\n\n\n<h2 class=\"wp-block-heading\">Datensicherheit<\/h2>\n\n\n\n<p>Colina Procuradores garantiert, dass es die notwendigen technischen und organisatorischen Ma\u00dfnahmen zum Schutz der Integrit\u00e4t, Vertraulichkeit und Verf\u00fcgbarkeit personenbezogener Daten gem\u00e4\u00df der Verordnung (EU) 2016\/679 (DSGVO) und dem spanischen Organgesetz 3\/2018 zum Datenschutz und zur Gew\u00e4hrleistung digitaler Rechte ergriffen hat.<\/p>\n\n\n\n<h2 class=\"wp-block-heading\">Verarbeitung personenbezogener Daten<\/h2>\n\n\n\n<p>Die vom Benutzer freiwillig bereitgestellten personenbezogenen Daten werden vertraulich behandelt und in eine von Colina Procuradores verwaltete Datei aufgenommen, um auf Anfragen, Anforderungen, Mitteilungen zu antworten und gegebenenfalls vertraglich vereinbarte Dienstleistungen zu verwalten.<\/p>\n\n\n\n<p>Rechtsgrundlage f\u00fcr die Verarbeitung ist die Einwilligung des Nutzers. Die Daten werden nicht an Dritte weitergegeben, es sei denn, dies ist gesetzlich vorgeschrieben. Die Daten werden f\u00fcr die gesetzlich festgelegten Zeitr\u00e4ume (6 Jahre gem\u00e4\u00df Rechnungslegungsvorschriften und bis zu 10 Jahre im Falle der Geldw\u00e4schebek\u00e4mpfung) aufbewahrt.<\/p>\n\n\n\n<h2 class=\"wp-block-heading\">Nutzerrechte<\/h2>\n\n\n\n<p>Der Benutzer kann sein Recht auf Zugriff, Berichtigung, L\u00f6schung, Widerspruch, Einschr\u00e4nkung und Portabilit\u00e4t seiner Daten aus\u00fcben, indem er eine ausdr\u00fcckliche Anfrage an folgende Adresse sendet:<\/p>\n\n\n\n<ul class=\"wp-block-list\">\n<li><strong>E-Mail:<\/strong> <a href=\"mailto:elisa@colinaprocuradores.es\">elisa@colinaprocuradores.es<\/a><\/li>\n\n\n\n<li><strong>Postanschrift:<\/strong> Plaza Santa Isabel 1, Etage 2 E, 35001, Las Palmas de Gran Canaria<\/li>\n<\/ul>\n\n\n\n<p>In beiden F\u00e4llen m\u00fcssen Sie das Recht, das Sie aus\u00fcben m\u00f6chten, klar darlegen und eine Kopie Ihres Personalausweises oder eines gleichwertigen Ausweisdokuments beif\u00fcgen. Sie k\u00f6nnen Ihre Einwilligung zum Erhalt von Marketingmitteilungen jederzeit widerrufen.<\/p>\n\n\n\n<h2 class=\"wp-block-heading\">Informationen zu Cookies<\/h2>\n\n\n\n<p>Diese Website verwendet Cookies, um das Surferlebnis des Benutzers zu verbessern. Cookies enthalten keine personenbezogenen Daten und k\u00f6nnen im Browser deaktiviert werden. Weitere Informationen finden Sie auf unserer Website. <a href=\"\/de\/cookie-richtlinie\/\">Cookie-Richtlinie<\/a>.<\/p>\n\n\n\n<h3 class=\"wp-block-heading\">Arten der verwendeten Cookies<\/h3>\n\n\n\n<ul class=\"wp-block-list\">\n<li><strong>Registrierungs-Cookies:<\/strong> um den authentifizierten Benutzer zu identifizieren.<\/li>\n\n\n\n<li><strong>Werbe-Cookies:<\/strong> um personalisierte Werbung anzuzeigen.<\/li>\n\n\n\n<li><strong>Analytische Cookies:<\/strong> um die Nutzung der Website zu messen und deren Inhalt zu verbessern.<\/li>\n\n\n\n<li><strong>Geolokalisierungs-Cookies:<\/strong> um den Standort des Benutzers zu identifizieren.<\/li>\n<\/ul>\n\n\n\n<p>Benutzer k\u00f6nnen ihren Browser so konfigurieren, dass Cookies blockiert werden oder Benachrichtigungen empfangen werden. F\u00fcr den Zugriff auf die Website ist die Annahme von Cookies nicht erforderlich.<\/p>\n\n\n\n<h3 class=\"wp-block-heading\">Konfiguration je nach Browser<\/h3>\n\n\n\n<ul class=\"wp-block-list\">\n<li>Chrome: Einstellungen &gt; Datenschutz und Sicherheit &gt; Cookies<\/li>\n\n\n\n<li>Firefox: Optionen &gt; Datenschutz &amp; Sicherheit<\/li>\n\n\n\n<li>Edge: Einstellungen &gt; Datenschutz und Dienste<\/li>\n\n\n\n<li>Safari: Einstellungen &gt; Datenschutz<\/li>\n<\/ul>\n\n\n\n<h2 class=\"wp-block-heading\">Elektronische Kommunikation<\/h2>\n\n\n\n<p>Gem\u00e4\u00df LSSICE versendet Colina Procuradores keine kommerziellen Mitteilungen per E-Mail ohne die ausdr\u00fcckliche vorherige Zustimmung des Benutzers.<\/p>\n\n\n\n<h2 class=\"wp-block-heading\">Kommunikation zwischen Parteien<\/h2>\n\n\n\n<p>Alle Mitteilungen erfolgen \u00fcber die angegebenen Kontaktdaten. Nutzer verpflichten sich, ihre E-Mail-Adresse stets aktuell zu halten, da diese der bevorzugte Kanal f\u00fcr Benachrichtigungen zu ihrer Beziehung zur Website ist.<\/p>\n\n\n\n<h2 class=\"wp-block-heading\">Teilnichtigkeit<\/h2>\n\n\n\n<p>Sollte eine Klausel dieser Richtlinie f\u00fcr null oder nichtig erkl\u00e4rt werden, so hat diese Nichtigkeit keinen Einfluss auf den Rest des Dokuments, der weiterhin in vollem Umfang in Kraft bleibt.<\/p>\n\n\n\n<h2 class=\"wp-block-heading\">Geltendes Recht und Gerichtsstand<\/h2>\n\n\n\n<p>Diese Datenschutzrichtlinie unterliegt spanischem Recht. Die Parteien unterwerfen sich hiermit der Gerichtsbarkeit der Gerichte von Las Palmas de Gran Canaria und verzichten auf jeden anderen Gerichtsstand, au\u00dfer in F\u00e4llen, in denen Verbraucher- und Nutzerschutzbestimmungen etwas anderes vorsehen.<\/p>","protected":false},"excerpt":{"rendered":"<p>Informaci\u00f3n general La presente Pol\u00edtica de Privacidad constituye, junto con el Aviso Legal y la Pol\u00edtica de Cookies, el marco jur\u00eddico que regula el uso del sitio web www.procuradoraslaspalmas.com. En concreto, regula el tratamiento que Colina Procuradores da a los datos de car\u00e1cter personal del usuario (en adelante, el \u201cUsuario\u201d) al acceder y utilizar esta [&hellip;]<\/p>\n","protected":false},"author":1,"featured_media":0,"parent":0,"menu_order":0,"comment_status":"closed","ping_status":"closed","template":"","meta":{"footnotes":""},"class_list":["post-3","page","type-page","status-publish","hentry"],"_links":{"self":[{"href":"https:\/\/procuradoraslaspalmas.com\/de\/wp-json\/wp\/v2\/pages\/3","targetHints":{"allow":["GET"]}}],"collection":[{"href":"https:\/\/procuradoraslaspalmas.com\/de\/wp-json\/wp\/v2\/pages"}],"about":[{"href":"https:\/\/procuradoraslaspalmas.com\/de\/wp-json\/wp\/v2\/types\/page"}],"author":[{"embeddable":true,"href":"https:\/\/procuradoraslaspalmas.com\/de\/wp-json\/wp\/v2\/users\/1"}],"replies":[{"embeddable":true,"href":"https:\/\/procuradoraslaspalmas.com\/de\/wp-json\/wp\/v2\/comments?post=3"}],"version-history":[{"count":0,"href":"https:\/\/procuradoraslaspalmas.com\/de\/wp-json\/wp\/v2\/pages\/3\/revisions"}],"wp:attachment":[{"href":"https:\/\/procuradoraslaspalmas.com\/de\/wp-json\/wp\/v2\/media?parent=3"}],"curies":[{"name":"wp","href":"https:\/\/api.w.org\/{rel}","templated":true}]}}